{"id":4548,"date":"2025-03-08T17:40:54","date_gmt":"2025-03-08T16:40:54","guid":{"rendered":"https:\/\/galleanosebastian.com.ar\/?page_id=4548"},"modified":"2025-03-13T14:22:09","modified_gmt":"2025-03-13T17:22:09","slug":"agendar","status":"publish","type":"page","link":"https:\/\/galleanosebastian.com.ar\/index.php\/agendar\/","title":{"rendered":"Agenda de Citas"},"content":{"rendered":"\t\t<div data-elementor-type=\"wp-page\" data-elementor-id=\"4548\" class=\"elementor elementor-4548\">\n\t\t\t\t<div class=\"elementor-element elementor-element-f514a47 e-flex e-con-boxed e-con e-parent\" data-id=\"f514a47\" data-element_type=\"container\">\n\t\t\t\t\t<div class=\"e-con-inner\">\n\t\t\t\t\t<\/div>\n\t\t\t\t<\/div>\n\t\t<div class=\"elementor-element elementor-element-2f8dfb2 e-flex e-con-boxed e-con e-parent\" data-id=\"2f8dfb2\" data-element_type=\"container\">\n\t\t\t\t\t<div class=\"e-con-inner\">\n\t\t<div class=\"elementor-element elementor-element-629a98c e-con-full e-flex e-con e-child\" data-id=\"629a98c\" data-element_type=\"container\">\n\t\t\t\t<\/div>\n\t\t<div class=\"elementor-element elementor-element-51675e3 e-con-full e-flex e-con e-child\" data-id=\"51675e3\" data-element_type=\"container\">\n\t\t\t\t<div class=\"elementor-element elementor-element-3abc013 elementor-widget elementor-widget-heading\" data-id=\"3abc013\" data-element_type=\"widget\" data-widget_type=\"heading.default\">\n\t\t\t\t<div class=\"elementor-widget-container\">\n\t\t\t\t\t<h2 class=\"elementor-heading-title elementor-size-default\">Horarios de Atenci\u00f3n Virtual<\/h2>\t\t\t\t<\/div>\n\t\t\t\t<\/div>\n\t\t\t\t<div class=\"elementor-element elementor-element-5dc17b7 elementor-widget elementor-widget-text-editor\" data-id=\"5dc17b7\" data-element_type=\"widget\" data-widget_type=\"text-editor.default\">\n\t\t\t\t<div class=\"elementor-widget-container\">\n\t\t\t\t\t\t\t\t\t<p data-start=\"120\" data-end=\"337\">En el almanaque encontrar\u00e1s distintos horarios disponibles para la atenci\u00f3n virtual. Como siempre, pueden surgir cancelaciones de \u00faltimo momento, y mi actividad docente a veces requiere ajustes en la agenda.<\/p><p data-start=\"339\" data-end=\"533\">Si es tu primera consulta, te pido que selecciones 2 o 3 opciones de d\u00edas y horarios que te resulten posibles. Esto me permitir\u00e1 organizar mejor la atenci\u00f3n y asegurarte un espacio disponible.<\/p><p data-start=\"535\" data-end=\"683\">Adem\u00e1s, no olvides descargar el formulario necesario para la consulta y envi\u00e1rmelo por mail a <strong data-start=\"629\" data-end=\"661\"><a rel=\"noopener\" data-start=\"631\" data-end=\"659\">galleano.sebastian@gmail.com<\/a><\/strong> antes de la sesi\u00f3n.<\/p><p data-start=\"535\" data-end=\"683\"><a href=\"https:\/\/galleanosebastian.com.ar\/wp-content\/uploads\/2025\/03\/Formulario-de-Atencion.docx\"><img decoding=\"async\" class=\"emoji\" role=\"img\" draggable=\"false\" src=\"https:\/\/s.w.org\/images\/core\/emoji\/15.0.3\/svg\/1f449.svg\" alt=\"\ud83d\udc49\" \/>Descargar el Formulario de Atenci\u00f3n<\/a>\u00a0<\/p><p data-start=\"685\" data-end=\"728\" data-is-last-node=\"\" data-is-only-node=\"\">\u00a1Gracias por tu comprensi\u00f3n y colaboraci\u00f3n!<\/p>\t\t\t\t\t\t\t\t<\/div>\n\t\t\t\t<\/div>\n\t\t\t\t<div class=\"elementor-element elementor-element-1323aed elementor-widget elementor-widget-shortcode\" data-id=\"1323aed\" data-element_type=\"widget\" data-widget_type=\"shortcode.default\">\n\t\t\t\t<div class=\"elementor-widget-container\">\n\t\t\t\t\t\t\t<div class=\"elementor-shortcode\"> <iframe src=\"https:\/\/galleanosebastian.com.ar\/wp-json\/ssa\/v1\/embed-inner?integration&type=atencion-virtual-3&label&types=3&edit&view&payment_provider&ssa_locale=es_ES&ssa_is_rtl&sid=024b61b7e8cd3cfa45fd9fe38106e1cd40fb8a1e&availability_start_date&availability_end_date&suggest_first_available&suggest_first_available_within_minutes&flow&fallback_flow&time_view&date_view&appointment_types_view&version&accent_color&background&padding&font&booking_url=https%3A%2F%2Fgalleanosebastian.com.ar%2Findex.php%2Fagendar%2F&booking_post_id=4548&booking_title=Agenda+de+Citas&_wpnonce=5de93c1cc7&redirect_post_id&mepr_membership_id#\/\" height=\"400px\" width=\"100%\" name=\"ssa_booking\" loading=\"eager\" frameborder=\"0\" data-skip-lazy=\"1\" class=\"ssa_booking_iframe skip-lazy\" title=\"Reservar una hora\"><\/iframe> <\/div>\n\t\t\t\t\t\t<\/div>\n\t\t\t\t<\/div>\n\t\t\t\t<\/div>\n\t\t<div class=\"elementor-element elementor-element-1618424 e-con-full e-flex e-con e-child\" data-id=\"1618424\" data-element_type=\"container\">\n\t\t\t\t<\/div>\n\t\t\t\t\t<\/div>\n\t\t\t\t<\/div>\n\t\t\t\t<\/div>\n\t\t","protected":false},"excerpt":{"rendered":"<p>Horarios de Atenci\u00f3n Virtual En el almanaque encontrar\u00e1s distintos horarios disponibles para la atenci\u00f3n virtual. Como siempre, pueden surgir cancelaciones de \u00faltimo momento, y mi actividad docente a veces requiere ajustes en la agenda. Si es tu primera consulta, te pido que selecciones 2 o 3 opciones de d\u00edas y horarios que te resulten posibles. [&hellip;]<\/p>\n","protected":false},"author":1,"featured_media":0,"parent":0,"menu_order":0,"comment_status":"closed","ping_status":"closed","template":"","meta":{"site-sidebar-layout":"no-sidebar","site-content-layout":"","ast-site-content-layout":"full-width-container","site-content-style":"default","site-sidebar-style":"default","ast-global-header-display":"","ast-banner-title-visibility":"","ast-main-header-display":"","ast-hfb-above-header-display":"","ast-hfb-below-header-display":"","ast-hfb-mobile-header-display":"","site-post-title":"disabled","ast-breadcrumbs-content":"","ast-featured-img":"disabled","footer-sml-layout":"","theme-transparent-header-meta":"","adv-header-id-meta":"","stick-header-meta":"","header-above-stick-meta":"","header-main-stick-meta":"","header-below-stick-meta":"","astra-migrate-meta-layouts":"default","ast-page-background-enabled":"default","ast-page-background-meta":{"desktop":{"background-color":"var(--ast-global-color-4)","background-image":"","background-repeat":"repeat","background-position":"center center","background-size":"auto","background-attachment":"scroll","background-type":"","background-media":"","overlay-type":"","overlay-color":"","overlay-opacity":"","overlay-gradient":""},"tablet":{"background-color":"","background-image":"","background-repeat":"repeat","background-position":"center center","background-size":"auto","background-attachment":"scroll","background-type":"","background-media":"","overlay-type":"","overlay-color":"","overlay-opacity":"","overlay-gradient":""},"mobile":{"background-color":"","background-image":"","background-repeat":"repeat","background-position":"center center","background-size":"auto","background-attachment":"scroll","background-type":"","background-media":"","overlay-type":"","overlay-color":"","overlay-opacity":"","overlay-gradient":""}},"ast-content-background-meta":{"desktop":{"background-color":"var(--ast-global-color-5)","background-image":"","background-repeat":"repeat","background-position":"center center","background-size":"auto","background-attachment":"scroll","background-type":"","background-media":"","overlay-type":"","overlay-color":"","overlay-opacity":"","overlay-gradient":""},"tablet":{"background-color":"var(--ast-global-color-5)","background-image":"","background-repeat":"repeat","background-position":"center center","background-size":"auto","background-attachment":"scroll","background-type":"","background-media":"","overlay-type":"","overlay-color":"","overlay-opacity":"","overlay-gradient":""},"mobile":{"background-color":"var(--ast-global-color-5)","background-image":"","background-repeat":"repeat","background-position":"center center","background-size":"auto","background-attachment":"scroll","background-type":"","background-media":"","overlay-type":"","overlay-color":"","overlay-opacity":"","overlay-gradient":""}},"footnotes":""},"class_list":["post-4548","page","type-page","status-publish","hentry"],"yoast_head":"<!-- This site is optimized with the Yoast SEO plugin v24.6 - https:\/\/yoast.com\/wordpress\/plugins\/seo\/ -->\n<title>Agenda de Citas -<\/title>\n<meta name=\"robots\" content=\"index, follow, max-snippet:-1, max-image-preview:large, max-video-preview:-1\" \/>\n<link rel=\"canonical\" href=\"https:\/\/galleanosebastian.com.ar\/index.php\/agendar\/\" \/>\n<meta property=\"og:locale\" content=\"es_ES\" \/>\n<meta property=\"og:type\" content=\"article\" \/>\n<meta property=\"og:title\" content=\"Agenda de Citas -\" \/>\n<meta property=\"og:description\" content=\"Horarios de Atenci\u00f3n Virtual En el almanaque encontrar\u00e1s distintos horarios disponibles para la atenci\u00f3n virtual. Como siempre, pueden surgir cancelaciones de \u00faltimo momento, y mi actividad docente a veces requiere ajustes en la agenda. Si es tu primera consulta, te pido que selecciones 2 o 3 opciones de d\u00edas y horarios que te resulten posibles. [&hellip;]\" \/>\n<meta property=\"og:url\" content=\"https:\/\/galleanosebastian.com.ar\/index.php\/agendar\/\" \/>\n<meta property=\"article:modified_time\" content=\"2025-03-13T17:22:09+00:00\" \/>\n<meta property=\"og:image\" content=\"https:\/\/s.w.org\/images\/core\/emoji\/15.0.3\/svg\/1f449.svg\" \/>\n<meta name=\"twitter:card\" content=\"summary_large_image\" \/>\n<meta name=\"twitter:label1\" content=\"Tiempo de lectura\" \/>\n\t<meta name=\"twitter:data1\" content=\"1 minuto\" \/>\n<script type=\"application\/ld+json\" class=\"yoast-schema-graph\">{\"@context\":\"https:\/\/schema.org\",\"@graph\":[{\"@type\":\"WebPage\",\"@id\":\"https:\/\/galleanosebastian.com.ar\/index.php\/agendar\/\",\"url\":\"https:\/\/galleanosebastian.com.ar\/index.php\/agendar\/\",\"name\":\"Agenda de Citas -\",\"isPartOf\":{\"@id\":\"https:\/\/galleanosebastian.com.ar\/#website\"},\"primaryImageOfPage\":{\"@id\":\"https:\/\/galleanosebastian.com.ar\/index.php\/agendar\/#primaryimage\"},\"image\":{\"@id\":\"https:\/\/galleanosebastian.com.ar\/index.php\/agendar\/#primaryimage\"},\"thumbnailUrl\":\"https:\/\/s.w.org\/images\/core\/emoji\/15.0.3\/svg\/1f449.svg\",\"datePublished\":\"2025-03-08T16:40:54+00:00\",\"dateModified\":\"2025-03-13T17:22:09+00:00\",\"breadcrumb\":{\"@id\":\"https:\/\/galleanosebastian.com.ar\/index.php\/agendar\/#breadcrumb\"},\"inLanguage\":\"es\",\"potentialAction\":[{\"@type\":\"ReadAction\",\"target\":[\"https:\/\/galleanosebastian.com.ar\/index.php\/agendar\/\"]}]},{\"@type\":\"ImageObject\",\"inLanguage\":\"es\",\"@id\":\"https:\/\/galleanosebastian.com.ar\/index.php\/agendar\/#primaryimage\",\"url\":\"https:\/\/s.w.org\/images\/core\/emoji\/15.0.3\/svg\/1f449.svg\",\"contentUrl\":\"https:\/\/s.w.org\/images\/core\/emoji\/15.0.3\/svg\/1f449.svg\"},{\"@type\":\"BreadcrumbList\",\"@id\":\"https:\/\/galleanosebastian.com.ar\/index.php\/agendar\/#breadcrumb\",\"itemListElement\":[{\"@type\":\"ListItem\",\"position\":1,\"name\":\"Home\",\"item\":\"https:\/\/galleanosebastian.com.ar\/\"},{\"@type\":\"ListItem\",\"position\":2,\"name\":\"Agenda de Citas\"}]},{\"@type\":\"WebSite\",\"@id\":\"https:\/\/galleanosebastian.com.ar\/#website\",\"url\":\"https:\/\/galleanosebastian.com.ar\/\",\"name\":\"Sebasti\u00e1n Pablo Galleano\",\"description\":\"\",\"publisher\":{\"@id\":\"https:\/\/galleanosebastian.com.ar\/#\/schema\/person\/e9e053bc7d61b5b176e446bc0b052f9c\"},\"potentialAction\":[{\"@type\":\"SearchAction\",\"target\":{\"@type\":\"EntryPoint\",\"urlTemplate\":\"https:\/\/galleanosebastian.com.ar\/?s={search_term_string}\"},\"query-input\":{\"@type\":\"PropertyValueSpecification\",\"valueRequired\":true,\"valueName\":\"search_term_string\"}}],\"inLanguage\":\"es\"},{\"@type\":[\"Person\",\"Organization\"],\"@id\":\"https:\/\/galleanosebastian.com.ar\/#\/schema\/person\/e9e053bc7d61b5b176e446bc0b052f9c\",\"name\":\"galleano.sebastian\",\"image\":{\"@type\":\"ImageObject\",\"inLanguage\":\"es\",\"@id\":\"https:\/\/galleanosebastian.com.ar\/#\/schema\/person\/image\/\",\"url\":\"https:\/\/galleanosebastian.com.ar\/wp-content\/uploads\/2023\/11\/cropped-Diseno-sin-titulo-6.png\",\"contentUrl\":\"https:\/\/galleanosebastian.com.ar\/wp-content\/uploads\/2023\/11\/cropped-Diseno-sin-titulo-6.png\",\"width\":250,\"height\":117,\"caption\":\"galleano.sebastian\"},\"logo\":{\"@id\":\"https:\/\/galleanosebastian.com.ar\/#\/schema\/person\/image\/\"},\"sameAs\":[\"https:\/\/galleanosebastian.com.ar\"]}]}<\/script>\n<!-- \/ Yoast SEO plugin. -->","yoast_head_json":{"title":"Agenda de Citas -","robots":{"index":"index","follow":"follow","max-snippet":"max-snippet:-1","max-image-preview":"max-image-preview:large","max-video-preview":"max-video-preview:-1"},"canonical":"https:\/\/galleanosebastian.com.ar\/index.php\/agendar\/","og_locale":"es_ES","og_type":"article","og_title":"Agenda de Citas -","og_description":"Horarios de Atenci\u00f3n Virtual En el almanaque encontrar\u00e1s distintos horarios disponibles para la atenci\u00f3n virtual. Como siempre, pueden surgir cancelaciones de \u00faltimo momento, y mi actividad docente a veces requiere ajustes en la agenda. Si es tu primera consulta, te pido que selecciones 2 o 3 opciones de d\u00edas y horarios que te resulten posibles. [&hellip;]","og_url":"https:\/\/galleanosebastian.com.ar\/index.php\/agendar\/","article_modified_time":"2025-03-13T17:22:09+00:00","og_image":[{"url":"https:\/\/s.w.org\/images\/core\/emoji\/15.0.3\/svg\/1f449.svg","type":"","width":"","height":""}],"twitter_card":"summary_large_image","twitter_misc":{"Tiempo de lectura":"1 minuto"},"schema":{"@context":"https:\/\/schema.org","@graph":[{"@type":"WebPage","@id":"https:\/\/galleanosebastian.com.ar\/index.php\/agendar\/","url":"https:\/\/galleanosebastian.com.ar\/index.php\/agendar\/","name":"Agenda de Citas -","isPartOf":{"@id":"https:\/\/galleanosebastian.com.ar\/#website"},"primaryImageOfPage":{"@id":"https:\/\/galleanosebastian.com.ar\/index.php\/agendar\/#primaryimage"},"image":{"@id":"https:\/\/galleanosebastian.com.ar\/index.php\/agendar\/#primaryimage"},"thumbnailUrl":"https:\/\/s.w.org\/images\/core\/emoji\/15.0.3\/svg\/1f449.svg","datePublished":"2025-03-08T16:40:54+00:00","dateModified":"2025-03-13T17:22:09+00:00","breadcrumb":{"@id":"https:\/\/galleanosebastian.com.ar\/index.php\/agendar\/#breadcrumb"},"inLanguage":"es","potentialAction":[{"@type":"ReadAction","target":["https:\/\/galleanosebastian.com.ar\/index.php\/agendar\/"]}]},{"@type":"ImageObject","inLanguage":"es","@id":"https:\/\/galleanosebastian.com.ar\/index.php\/agendar\/#primaryimage","url":"https:\/\/s.w.org\/images\/core\/emoji\/15.0.3\/svg\/1f449.svg","contentUrl":"https:\/\/s.w.org\/images\/core\/emoji\/15.0.3\/svg\/1f449.svg"},{"@type":"BreadcrumbList","@id":"https:\/\/galleanosebastian.com.ar\/index.php\/agendar\/#breadcrumb","itemListElement":[{"@type":"ListItem","position":1,"name":"Home","item":"https:\/\/galleanosebastian.com.ar\/"},{"@type":"ListItem","position":2,"name":"Agenda de Citas"}]},{"@type":"WebSite","@id":"https:\/\/galleanosebastian.com.ar\/#website","url":"https:\/\/galleanosebastian.com.ar\/","name":"Sebasti\u00e1n Pablo Galleano","description":"","publisher":{"@id":"https:\/\/galleanosebastian.com.ar\/#\/schema\/person\/e9e053bc7d61b5b176e446bc0b052f9c"},"potentialAction":[{"@type":"SearchAction","target":{"@type":"EntryPoint","urlTemplate":"https:\/\/galleanosebastian.com.ar\/?s={search_term_string}"},"query-input":{"@type":"PropertyValueSpecification","valueRequired":true,"valueName":"search_term_string"}}],"inLanguage":"es"},{"@type":["Person","Organization"],"@id":"https:\/\/galleanosebastian.com.ar\/#\/schema\/person\/e9e053bc7d61b5b176e446bc0b052f9c","name":"galleano.sebastian","image":{"@type":"ImageObject","inLanguage":"es","@id":"https:\/\/galleanosebastian.com.ar\/#\/schema\/person\/image\/","url":"https:\/\/galleanosebastian.com.ar\/wp-content\/uploads\/2023\/11\/cropped-Diseno-sin-titulo-6.png","contentUrl":"https:\/\/galleanosebastian.com.ar\/wp-content\/uploads\/2023\/11\/cropped-Diseno-sin-titulo-6.png","width":250,"height":117,"caption":"galleano.sebastian"},"logo":{"@id":"https:\/\/galleanosebastian.com.ar\/#\/schema\/person\/image\/"},"sameAs":["https:\/\/galleanosebastian.com.ar"]}]}},"_links":{"self":[{"href":"https:\/\/galleanosebastian.com.ar\/index.php\/wp-json\/wp\/v2\/pages\/4548","targetHints":{"allow":["GET"]}}],"collection":[{"href":"https:\/\/galleanosebastian.com.ar\/index.php\/wp-json\/wp\/v2\/pages"}],"about":[{"href":"https:\/\/galleanosebastian.com.ar\/index.php\/wp-json\/wp\/v2\/types\/page"}],"author":[{"embeddable":true,"href":"https:\/\/galleanosebastian.com.ar\/index.php\/wp-json\/wp\/v2\/users\/1"}],"replies":[{"embeddable":true,"href":"https:\/\/galleanosebastian.com.ar\/index.php\/wp-json\/wp\/v2\/comments?post=4548"}],"version-history":[{"count":23,"href":"https:\/\/galleanosebastian.com.ar\/index.php\/wp-json\/wp\/v2\/pages\/4548\/revisions"}],"predecessor-version":[{"id":4611,"href":"https:\/\/galleanosebastian.com.ar\/index.php\/wp-json\/wp\/v2\/pages\/4548\/revisions\/4611"}],"wp:attachment":[{"href":"https:\/\/galleanosebastian.com.ar\/index.php\/wp-json\/wp\/v2\/media?parent=4548"}],"curies":[{"name":"wp","href":"https:\/\/api.w.org\/{rel}","templated":true}]}}